{"id":79,"date":"2020-05-09T23:11:57","date_gmt":"2020-05-09T21:11:57","guid":{"rendered":"https:\/\/zvacseniepenisu.com\/?page_id=79"},"modified":"2020-05-10T00:02:34","modified_gmt":"2020-05-09T22:02:34","slug":"obchodne-podmienky","status":"publish","type":"page","link":"https:\/\/zvacseniepenisu.com\/kniha\/obchodne-podmienky\/","title":{"rendered":"Obchodn\u00e9 podmienky"},"content":{"rendered":"<p>Pri platb\u00e1ch v s\u00favislosti s touto web str\u00e1nkou s\u00fahlas\u00edte s t\u00fdmito podmienkami:<\/p>\n<p>Podmienky s\u00fa vyhotoven\u00e9 v slovenskom jazyku.<\/p>\n<p>Podmienky bli\u017e\u0161ie vymedzuj\u00fa a upres\u0148uj\u00fa pr\u00e1va a povinnosti pred\u00e1vaj\u00faceho, ktor\u00fdm je Ing. Peter Nagy, so s\u00eddlom 28 Nether Close, London N3 1AA, UK. Vz\u0165ahy medzi pred\u00e1vaj\u00facim a kupuj\u00facim \u2013 spotrebite\u013eom neupraven\u00e9 obchodn\u00fdmi podmienkami sa riadia ob\u010dianskym z\u00e1konn\u00edkom (\u010d. 40\/1964 Z. z.) a z\u00e1konom o ochrane spotrebite\u013ea (\u010d. 250\/2007 Z. z.). Vz\u0165ahy medzi pred\u00e1vaj\u00facim a kupuj\u00facim \u2013 podnikate\u013eom neupraven\u00e9 obchodn\u00fdmi podmienkami sa riadia obchodn\u00fdm z\u00e1konn\u00edkom. Ak\u00e9ko\u013evek \u0161\u00edrenie alebo poskytovanie zak\u00fapen\u00e9ho obsahu tret\u00edm osob\u00e1m bez s\u00fahlasu autora je zak\u00e1zan\u00e9. T\u00e1to webov\u00e1 str\u00e1nka neposkytuje lek\u00e1rku pomoc, diagnostiku, ani postupy lie\u010denia. V\u0161etok obsah sl\u00fa\u017ei len pre informa\u010dn\u00e9 \u00fa\u010dely. \u010c\u00edtan\u00edm inform\u00e1ci\u00ed na tomto webe s\u00fahlas\u00edte, \u017ee ak\u00e9ko\u013evek pou\u017eitie inform\u00e1ci\u00ed z tr\u00e9ningov\u00fdch materi\u00e1lov a \u00faspechy \u010di ne\u00faspechy z toho plyn\u00face, s\u00fa len vo Va\u0161ich ruk\u00e1ch a autor za ne nenesie \u017eiadnu zodpovednos\u0165. V \u010dl\u00e1nkoch m\u00f4\u017eete n\u00e1js\u0165 inform\u00e1cie o produktoch alebo slu\u017eb\u00e1ch tret\u00edch os\u00f4b. Tieto inform\u00e1cie s\u00fa len vyjadren\u00edm n\u00e1zoru k tejto tematike.<\/p>\n<p>Platby je mo\u017en\u00e9 uskuto\u010d\u0148ova\u0165 okam\u017eite be\u017en\u00fdm bankov\u00fdm prevodom s uveden\u00edm variabiln\u00e9ho symbolu alebo cez platobn\u00fa br\u00e1nu spolo\u010dnosti PayPal \u010di Stripe. Tie\u017e je mo\u017en\u00e9 po\u017eiada\u0165 o vystavenie fakt\u00fary. Za v\u0161etky slu\u017eby sa plat\u00ed vopred. Ceny platia v de\u0148 zobrazenia na web str\u00e1nke.<\/p>\n<p>Kupuj\u00faci m\u00e1 pr\u00e1vo na odst\u00fapenie od zmluvy v\u017edy do 60 dn\u00ed od zak\u00fapenia ak\u00e9hoko\u013evek produktu \u010di kurzu na str\u00e1nke zvacseniepenisu.com, pri\u010dom je nevyhnutn\u00e9, aby bol v uvedenej lehote email o odst\u00fapen\u00ed od zmluvy doru\u010den\u00fd pred\u00e1vaj\u00facemu.<\/p>\n<p>V pr\u00edpade objednania \u010dohoko\u013evek z tejto str\u00e1nky kupuj\u00faci d\u00e1va s\u00fahlas k uchovaniu a spracovaniu kontaktn\u00e9ho e-mailu do na\u0161ich datab\u00e1z za \u00fa\u010delom vysporiadania platby a splnenia povinnost\u00ed vypl\u00fdvaj\u00facich z tejto transakcie. Tento s\u00fahlas mo\u017eno kedyko\u013evek odvola\u0165 cez kontaktn\u00fa str\u00e1nku a nemo\u017eno bez neho vyu\u017e\u00edva\u0165 \u017eiadnu \u010das\u0165 tejto str\u00e1nky.<\/p>\n<p>Tieto obchodn\u00e9 podmienky nadob\u00fadaj\u00fa \u00fa\u010dinnos\u0165 d\u0148a 9. 5. 2020. Pred\u00e1vaj\u00faci si vyhradzuje pr\u00e1vo na zmeny bez predch\u00e1dzaj\u00faceho upozornenia.<\/p>\n","protected":false},"excerpt":{"rendered":"<p>Pri platb\u00e1ch v s\u00favislosti s touto web str\u00e1nkou s\u00fahlas\u00edte s t\u00fdmito podmienkami: Podmienky s\u00fa vyhotoven\u00e9 v slovenskom jazyku. Podmienky bli\u017e\u0161ie vymedzuj\u00fa a upres\u0148uj\u00fa pr\u00e1va a povinnosti pred\u00e1vaj\u00faceho, ktor\u00fdm je Ing. Peter Nagy, so s\u00eddlom 28 Nether Close, London N3 1AA, UK. Vz\u0165ahy medzi pred\u00e1vaj\u00facim a kupuj\u00facim \u2013 spotrebite\u013eom neupraven\u00e9 obchodn\u00fdmi podmienkami sa riadia ob\u010dianskym z\u00e1konn\u00edkom [&hellip;]<\/p>\n","protected":false},"author":1,"featured_media":0,"parent":0,"menu_order":0,"comment_status":"closed","ping_status":"closed","template":"page-shop.php","meta":{"footnotes":""},"class_list":["post-79","page","type-page","status-publish","hentry"],"_links":{"self":[{"href":"https:\/\/zvacseniepenisu.com\/kniha\/wp-json\/wp\/v2\/pages\/79"}],"collection":[{"href":"https:\/\/zvacseniepenisu.com\/kniha\/wp-json\/wp\/v2\/pages"}],"about":[{"href":"https:\/\/zvacseniepenisu.com\/kniha\/wp-json\/wp\/v2\/types\/page"}],"author":[{"embeddable":true,"href":"https:\/\/zvacseniepenisu.com\/kniha\/wp-json\/wp\/v2\/users\/1"}],"replies":[{"embeddable":true,"href":"https:\/\/zvacseniepenisu.com\/kniha\/wp-json\/wp\/v2\/comments?post=79"}],"version-history":[{"count":3,"href":"https:\/\/zvacseniepenisu.com\/kniha\/wp-json\/wp\/v2\/pages\/79\/revisions"}],"predecessor-version":[{"id":83,"href":"https:\/\/zvacseniepenisu.com\/kniha\/wp-json\/wp\/v2\/pages\/79\/revisions\/83"}],"wp:attachment":[{"href":"https:\/\/zvacseniepenisu.com\/kniha\/wp-json\/wp\/v2\/media?parent=79"}],"curies":[{"name":"wp","href":"https:\/\/api.w.org\/{rel}","templated":true}]}}