{"id":10,"date":"2020-05-08T16:19:26","date_gmt":"2020-05-08T14:19:26","guid":{"rendered":"http:\/\/zvacseniepenisu.com\/kontrola-objednavky\/"},"modified":"2020-09-25T22:40:51","modified_gmt":"2020-09-25T20:40:51","slug":"pokladna","status":"publish","type":"page","link":"https:\/\/zvacseniepenisu.com\/kniha\/pokladna\/","title":{"rendered":"Poklad\u0148a"},"content":{"rendered":"<div class=\"woocom_chckout\">\n<div class=\"woocommerce\"><\/div><\/div>\n<div class=\"chckout_sidebar\">\n<h3 style=\"text-align: justify;\"><strong>Objedn\u00e1vka obsahuje:<\/strong><\/h3>\n<h3 style=\"text-align: justify;\"><img loading=\"lazy\" decoding=\"async\" class=\" size-medium wp-image-83 alignnone\" src=\"https:\/\/zvacseniepenisu.com\/wp-content\/uploads\/2020\/05\/3d-271x300.png\" alt=\"V\u00e4\u010d\u0161\u00ed Penis: Cviky na zv\u00e4\u010d\u0161enie penisu (e-Kniha)\" width=\"271\" height=\"300\"><\/h3>\n<p style=\"text-align: justify;\"><em>&#8222;Chcem v\u00e1m len po\u010fakova\u0165 za t\u00fato super knihu. Cvi\u010d\u00edm pod\u013ea nej u\u017e 6 mesiacov a m\u00f4j penis za ten \u010das nar\u00e1stol a\u017e o 2 centimetre. Cel\u00fd \u017eivot som bol priemer a v \u017eivote by ma nenapadlo, \u017ee aj ja raz m\u00f4\u017eem ma\u0165 cez 19 centimetrov. Frajerka to miluje. \u010eakujem!&#8220;<\/em><\/p>\n<p style=\"text-align: right;\"><strong>Jakub, Zvolen, SK<\/strong><\/p>\n<p style=\"text-align: justify;\"><em>&#8222;E\u0161te pred tromi mesiacmi by som neveril, \u017ee raz budem p\u00edsa\u0165 email o svojom penise, ale mus\u00edm to spravi\u0165, preto\u017ee za ten jeden a pol centimetra navy\u0161e, o ktor\u00fd mi za ten \u010das nar\u00e1stol, si to zasl\u00fa\u017eite. V\u010faka!&#8220;<\/em><\/p>\n<p style=\"text-align: right;\"><strong>Milan, Bardejov, SK<\/strong><\/p>\n<p style=\"text-align: right;\"><img loading=\"lazy\" decoding=\"async\" class=\"alignnone wp-image-510 size-full\" src=\"https:\/\/zvacseniepenisu.com\/wp-content\/uploads\/2020\/05\/garancia1.png\" alt=\"garancia\" width=\"255\" height=\"237\"><\/p>\n<p style=\"text-align: right;\"><img loading=\"lazy\" decoding=\"async\" class=\" wp-image-509 size-full alignnone\" src=\"https:\/\/zvacseniepenisu.com\/wp-content\/uploads\/2020\/05\/bezpe\u010dna_platba.png\" alt=\"bezpe\u010dna_platba\" width=\"287\" height=\"121\"><\/p>\n<\/div>\n","protected":false},"excerpt":{"rendered":"<p>Objedn\u00e1vka obsahuje: &#8222;Chcem v\u00e1m len po\u010fakova\u0165 za t\u00fato super knihu. Cvi\u010d\u00edm pod\u013ea nej u\u017e 6 mesiacov a m\u00f4j penis za ten \u010das nar\u00e1stol a\u017e o 2 centimetre. Cel\u00fd \u017eivot som bol priemer a v \u017eivote by ma nenapadlo, \u017ee aj ja raz m\u00f4\u017eem ma\u0165 cez 19 centimetrov. Frajerka to miluje. \u010eakujem!&#8220; Jakub, Zvolen, SK &#8222;E\u0161te [&hellip;]<\/p>\n","protected":false},"author":1,"featured_media":0,"parent":0,"menu_order":0,"comment_status":"closed","ping_status":"closed","template":"page-shop.php","meta":{"footnotes":""},"class_list":["post-10","page","type-page","status-publish","hentry"],"_links":{"self":[{"href":"https:\/\/zvacseniepenisu.com\/kniha\/wp-json\/wp\/v2\/pages\/10"}],"collection":[{"href":"https:\/\/zvacseniepenisu.com\/kniha\/wp-json\/wp\/v2\/pages"}],"about":[{"href":"https:\/\/zvacseniepenisu.com\/kniha\/wp-json\/wp\/v2\/types\/page"}],"author":[{"embeddable":true,"href":"https:\/\/zvacseniepenisu.com\/kniha\/wp-json\/wp\/v2\/users\/1"}],"replies":[{"embeddable":true,"href":"https:\/\/zvacseniepenisu.com\/kniha\/wp-json\/wp\/v2\/comments?post=10"}],"version-history":[{"count":20,"href":"https:\/\/zvacseniepenisu.com\/kniha\/wp-json\/wp\/v2\/pages\/10\/revisions"}],"predecessor-version":[{"id":113,"href":"https:\/\/zvacseniepenisu.com\/kniha\/wp-json\/wp\/v2\/pages\/10\/revisions\/113"}],"wp:attachment":[{"href":"https:\/\/zvacseniepenisu.com\/kniha\/wp-json\/wp\/v2\/media?parent=10"}],"curies":[{"name":"wp","href":"https:\/\/api.w.org\/{rel}","templated":true}]}}